{"id":1218,"date":"2022-09-27T16:46:02","date_gmt":"2022-09-27T16:46:02","guid":{"rendered":"https:\/\/restaurantemixo.com\/index.php\/reservation\/"},"modified":"2022-10-06T09:54:49","modified_gmt":"2022-10-06T09:54:49","slug":"reservation","status":"publish","type":"page","link":"https:\/\/restaurantemixo.com\/index.php\/reservation\/","title":{"rendered":"Reservation"},"content":{"rendered":"<!-- ReDi Restaurant Reservation plugin version 22.0322 -->\r\n<!-- Revision: 20220927 -->\r\n<div id=\"cancel-reservation-div\" style=\"display: none\">\r\n    <h4>\r\n\tCancelar reserva<\/h4><a href=\"#cancel\" class=\"back-to-reservation cancel-reservation\">Volver a la p\u00e1gina de reservas<\/a>\r\n\t<br\/>\r\n\t<div id=\"cancel-reservation-form\">\r\n\t\t<form method=\"post\" action=\"?jquery_fail=true\">\r\n\t\t\t<label for=\"redi-restaurant-cancelID\">N\u00famero de reserva:<span class=\"redi_required\"> *<\/span><\/label>\r\n\t\t\t<input type=\"text\" name=\"cancelID\" id=\"redi-restaurant-cancelID\"\/>\r\n\t\t\t<label for=\"cancelPhone-intlTel\">Tel\u00e9fono:<\/label>\r\n\t\t\t<input type=\"text\" value=\"\" name=\"cancelPhone-intlTel\" id=\"cancelPhone-intlTel\">\r\n\t\t\t<input type=\"hidden\" name=\"redi-restaurant-cancelPhone\" id=\"redi-restaurant-cancelPhone\"\/>\r\n\t\t\t<label for=\"redi-restaurant-cancelName\">Nombre:<\/label>\r\n\t\t\t<input type=\"text\" name=\"cancelName\" id=\"redi-restaurant-cancelName\"\/>\r\n\t\t\t<label for=\"redi-restaurant-cancelEmail\">Correo electronico:<\/label>\r\n\t\t\t<input type=\"text\" name=\"cancelEmail\" id=\"redi-restaurant-cancelEmail\"\/>\r\n\t\t\t<label for=\"redi-restaurant-cancelReason\">Raz\u00f3n:<span class=\"redi_required\"> *<\/span><\/label>\r\n\t\t\t<textarea maxlength=\"250\" rows=\"5\" name=\"cancelEmail\" id=\"redi-restaurant-cancelReason\" class=\"redi-restaurant-cancelReason\" cols=\"20\"><\/textarea>\r\n\t\t\t<div>\r\n            <input class=\"redi-restaurant-button\" type=\"submit\" id=\"redi-restaurant-cancel\" name=\"action\" value=\"Cancelar reserva\">\r\n\t\t\t<\/div>\r\n                <img id=\"cancel-load\" style=\"display: none;\" src=\"https:\/\/restaurantemixo.com\/wp-content\/plugins\/redi-restaurant-reservation\/img\/ajax-loader.gif\" alt=\"\"\/>\r\n\t\t<\/form>\r\n\t<\/div>\r\n\t<div id=\"cancel-errors\" style=\"display: none;\" class=\"redi-reservation-alert-error redi-reservation-alert\"><\/div>\r\n\t<div id=\"cancel-success\" style=\"display: none;\" class=\"redi-reservation-alert-success redi-reservation-alert\">\r\n\t\t<strong>\r\n\t\t\tLa reserva ha sido cancelada con \u00e9xito.\t\t<\/strong>\r\n\t<\/div>\r\n<\/div>\r\n<div id=\"modify-reservation-div\" style=\"display: none\">\r\n    <h4>Modificar reserva<\/h4>\r\n    <a href=\"#modify\" class=\"back-to-reservation modify-reservation\">Volver a la p\u00e1gina de reservas<\/a>\r\n\t<div id=\"modify-reservation-form\">\r\n\t\t<form method=\"post\" action=\"?jquery_fail=true\">\r\n\t\t\t<label for=\"redi-restaurant-modifyID\">N\u00famero de reserva:<span class=\"redi_required\"> *<\/span><\/label>\r\n\t\t\t<input type=\"text\" name=\"modifyID\" id=\"redi-restaurant-modifyID\"\/>\r\n\t\t\t<label for=\"modifyPhone-intlTel\">Tel\u00e9fono:<\/label>\r\n\t\t\t<input type=\"text\" value=\"\" name=\"modifyPhone-intlTel\" id=\"modifyPhone-intlTel\">\r\n\t\t\t<input type=\"hidden\" name=\"redi-restaurant-modifyPhone\" id=\"redi-restaurant-modifyPhone\"\/>\r\n\t\t\t<label for=\"redi-restaurant-modifyName\">Nombre:<\/label>\r\n\t\t\t<input type=\"text\" name=\"modifyName\" id=\"redi-restaurant-modifyName\"\/>\r\n\t\t\t<label for=\"redi-restaurant-modifyEmail\">Correo electronico:<\/label>\r\n\t\t\t<input type=\"text\" name=\"modifyEmail\" id=\"redi-restaurant-modifyEmail\"\/>\r\n            <input class=\"redi-restaurant-button\" type=\"submit\" id=\"redi-restaurant-modify\" name=\"action\" value=\"Encuentra reserva\">\r\n            <img id=\"modify-load\" style=\"display: none;\" src=\"https:\/\/restaurantemixo.com\/wp-content\/plugins\/redi-restaurant-reservation\/img\/ajax-loader.gif\" alt=\"\"\/>\r\n\t\t<\/form>\r\n\t<\/div>\r\n    <div id=\"modify-errors\" style=\"display: none;\" class=\"redi-reservation-alert-error redi-reservation-alert\"><\/div>\r\n<\/div>\r\n\r\n<div id=\"update-reservation-div\" style=\"display: none\">\r\n    <h4>Actualizar reserva<\/h4>\r\n    <a href=\"#modify\" class=\"back-to-reservation modify-reservation\">Volver a la p\u00e1gina de reservas<\/a>\r\n\t<br\/>\r\n\t<div id=\"update-reservation-form\">\r\n\t\t<form method=\"post\" action=\"?jquery_fail=true\">\t\t\r\n\t\t\t<p>Fecha: <span class=\"redi-modify-date\" id=\"updateDateFrom\"><\/span><\/p>\r\n\t\t\t<p>Hora: <span class=\"redi-modify-time\" id=\"updateTimeFrom\"><\/span><\/p>\r\n\t\t\t<p>\r\n\t\t\t\t<label for=\"updatePersons\">\r\n\t\t\t\t\tPersonas:\r\n\t\t\t\t<\/label>\r\n\t\t\t\t<select name=\"updatePersons\" id=\"updatePersons\" class=\"redi-reservation-select\">\r\n\t\t\t\t\t\t\t\t\t\t\t<option value=\"1\" >\r\n\t\t\t\t\t\t\t1\t\t\t\t\t\t<\/option>\r\n\t\t\t\t\t\t\t\t\t\t\t<option value=\"2\" >\r\n\t\t\t\t\t\t\t2\t\t\t\t\t\t<\/option>\r\n\t\t\t\t\t\t\t\t\t\t\t<option value=\"3\" >\r\n\t\t\t\t\t\t\t3\t\t\t\t\t\t<\/option>\r\n\t\t\t\t\t\t\t\t\t\t\t<option value=\"4\" >\r\n\t\t\t\t\t\t\t4\t\t\t\t\t\t<\/option>\r\n\t\t\t\t\t\t\t\t\t\t\t<option value=\"5\" >\r\n\t\t\t\t\t\t\t5\t\t\t\t\t\t<\/option>\r\n\t\t\t\t\t\t\t\t\t\t\t<option value=\"6\" >\r\n\t\t\t\t\t\t\t6\t\t\t\t\t\t<\/option>\r\n\t\t\t\t\t\t\t\t\t\t\t<option value=\"7\" >\r\n\t\t\t\t\t\t\t7\t\t\t\t\t\t<\/option>\r\n\t\t\t\t\t\t\t\t\t\t\t<option value=\"8\" >\r\n\t\t\t\t\t\t\t8\t\t\t\t\t\t<\/option>\r\n\t\t\t\t\t\t\t\t\t\t\t<option value=\"9\" >\r\n\t\t\t\t\t\t\t9\t\t\t\t\t\t<\/option>\r\n\t\t\t\t\t\t\t\t\t\t\t<option value=\"10\" >\r\n\t\t\t\t\t\t\t10\t\t\t\t\t\t<\/option>\r\n\t\t\t\t\t\t\t\t\t<\/select>\r\n\t\t\t<\/p>\r\n\t\t\t<div>\r\n\t\t\t\t<label for=\"updateUserName\">Nombre:<span class=\"redi_required\"> *<\/span><\/label>\r\n\t\t\t\t<input type=\"text\" value=\"\" name=\"updateUserName\" id=\"updateUserName\">\r\n\t\t\t<\/div>\r\n\t\t\t<div>\r\n\t\t\t\t<label for=\"updateUserPhone-intlTel\">Tel\u00e9fono:<span class=\"redi_required\"> *<\/span><\/label>\t\t\r\n\t\t\t\t<input type=\"text\" value=\"\" name=\"updateUserPhone-intlTel\" id=\"updateUserPhone-intlTel\">\r\n\t\t\t\t<div>\r\n\t\t\t\t\t<input type=\"hidden\" value=\"\" name=\"updateUserPhone\" id=\"updateUserPhone\">\r\n\t\t\t\t<\/div>\r\n\t\t\t<\/div>\r\n\t\t\t<div>\r\n\t\t\t\t<label for=\"updateUserEmail\">Correo electronico:<span class=\"redi_required\"> *<\/span><\/label>\r\n\t\t\t\t<input type=\"text\" value=\"\" name=\"updateUserEmail\" id=\"updateUserEmail\" >\r\n\t\t\t<\/div>\r\n\t\t\t<div>\r\n\t\t\t\t<label for=\"updateUserComments\">Comentario:<\/label>\r\n\t\t\t\t<textarea maxlength=\"250\" rows=\"5\" name=\"updateUserComments\" id=\"updateUserComments\" cols=\"20\" class=\"UserComments\"><\/textarea>\r\n\t\t\t<\/div>\r\n\t\t\t<input type=\"hidden\" value=\"\" name=\"redi-restaurant-updateID\" id=\"redi-restaurant-updateID\">\r\n\t\t\t<input type=\"hidden\" value=\"\" name=\"updateTo\" id=\"updateTo\">\r\n\t\t\t<input type=\"hidden\" value=\"\" name=\"updateFrom\" id=\"updateFrom\">\r\n\t\t\t<input type=\"hidden\" value=\"\" name=\"updatePlaceReferenceId\" id=\"updatePlaceReferenceId\">\t\t\r\n\t\t\t<input class=\"redi-restaurant-button\" type=\"submit\" id=\"redi-restaurant-update\" name=\"action\" value=\"Actualizar reserva\">\r\n\t\t\t<img id=\"update-load\" style=\"display: none;\" src=\"https:\/\/restaurantemixo.com\/wp-content\/plugins\/redi-restaurant-reservation\/img\/ajax-loader.gif\" alt=\"\"\/>\r\n\t\t<\/form>\r\n\t<\/div>\r\n\t<div id=\"update-errors\" style=\"display: none;\" class=\"redi-reservation-alert-error redi-reservation-alert\"><\/div>\r\n    <div id=\"update-success\" style=\"display: none;\" class=\"redi-reservation-alert-success redi-reservation-alert\">\r\n\t\t<strong>\r\n\t\t\tLa reserva se ha actualizado correctamente.\t\t<\/strong>\r\n\t<\/div>\t\r\n<\/div><script type=\"text\/javascript\">var plugin_name='ReDi Restaurant Reservation version 22.0322';var displayLeftSeats = 0;\r\nvar redirect_to_confirmation_page = 'https:\/\/restaurantemixo.com\/index.php\/reservation\/';var timepicker = '';var date_format = 'yy-mm-dd';var timepicker_time_format ='h:mm tt';var locale = 'es_ES';var datepicker_locale = 'es'; var timeshiftmode = 'byshifts'; var hidesteps = 0; var apikeyid = '0'; var waitlist='0'; var maxDate = new Date();maxDate.setFullYear(maxDate.getFullYear() + 1); var min_persons='1'; var max_persons = '10'; var large_group_message = '';  <\/script>\r\n\r\n<form id=\"redi-reservation\" name=\"redi-reservation\" method=\"post\" action=\"?jquery_fail=true\">\r\n\t\t\t\r\n\t<div id=\"step1\">\r\n\t\t\r\n\t\t            <div class=\"rowLeft\">\r\n            <h4>\r\n\t\t\t\tPaso 1: Selecciona fecha y hora\r\n\t\t\t<\/h4>\r\n\t<\/div>\r\n            <input type=\"hidden\" id=\"placeID\" name=\"placeID\" value=\"33658\"\/>\r\n         \t\t<label for=\"redi-restaurant-startDate\">Fecha:<span class=\"redi_required\"> *<\/span><\/label>\r\n\t\t\t\t<input type=\"text\" name=\"startDate\" id=\"redi-restaurant-startDate\"\/>\r\n\t\t\t\t<img id=\"date_info_load\" style=\"display: none;\" src=\"https:\/\/restaurantemixo.com\/wp-content\/plugins\/redi-restaurant-reservation\/img\/ajax-loader.gif\" alt=\"\"\/>\r\n\t\t<input id=\"redi-restaurant-startDateISO\" type=\"hidden\" value=\"2026-05-02\" name=\"startDateISO\"\/>\r\n\r\n\r\n\t\t\t\t\r\n\t\t\r\n\t\t\t\t\t\t\t  \r\n\t  \t\t<input type=\"hidden\" id=\"duration\" value=\"30\"\/>\r\n        <label for=\"persons\">\r\n\t\tGuests:<span class=\"redi_required\"> *<\/span><\/label>\r\n\t\t<select name=\"persons\" id=\"persons\" class=\"redi-reservation-select\">\r\n\t\t\t\t<option value=\"0\" selected=\"selected\">\r\n\t\t\t\t\tNo. of Guests                <\/option>\r\n\t\t\t\t\t\t\t<option value=\"1\" >\r\n                    1                <\/option>\r\n\t\t\t\t\t\t\t<option value=\"2\" >\r\n                    2                <\/option>\r\n\t\t\t\t\t\t\t<option value=\"3\" >\r\n                    3                <\/option>\r\n\t\t\t\t\t\t\t<option value=\"4\" >\r\n                    4                <\/option>\r\n\t\t\t\t\t\t\t<option value=\"5\" >\r\n                    5                <\/option>\r\n\t\t\t\t\t\t\t<option value=\"6\" >\r\n                    6                <\/option>\r\n\t\t\t\t\t\t\t<option value=\"7\" >\r\n                    7                <\/option>\r\n\t\t\t\t\t\t\t<option value=\"8\" >\r\n                    8                <\/option>\r\n\t\t\t\t\t\t\t<option value=\"9\" >\r\n                    9                <\/option>\r\n\t\t\t\t\t\t\t<option value=\"10\" >\r\n                    10                <\/option>\r\n\t\t\t            \t\t<\/select>\r\n\r\n\t\t\r\n\t\t\t\t\t<div id=\"step1times\">\r\n\t\t        <span id=\"step1buttons\"><\/span>\r\n\t        <\/div>\r\n\t\t        <div id=\"large_groups_message\" style=\"display: none;\" class=\"redi-reservation-alert-info redi-reservation-alert\"><\/div>\r\n\r\n\t\t<div>\r\n\t\t\t<img id=\"step1load\" style=\"display: none;\" src=\"https:\/\/restaurantemixo.com\/wp-content\/plugins\/redi-restaurant-reservation\/img\/ajax-loader.gif\" alt=\"\"\/>\r\n\t\t<\/div>\r\n\r\n\t\t\r\n\t<\/div>\r\n\t\t\r\n\t\t<div id=\"step1busy\" style=\"display: none;\" class=\"redi-reservation-alert-error redi-reservation-alert\">\r\n\t\t\tLa reserva no est\u00e1 disponible el d\u00eda seleccionado. Por favor seleccione otro d\u00eda.\t\t\t\t\t<\/div>\r\n\t\t<div id=\"step1errors\" style=\"display: none;\" class=\"redi-reservation-alert-error redi-reservation-alert\">\r\n\t\t\t\t<\/div>\r\n\r\n\t<div id=\"step2\" >\r\n\r\n\t\t\t\t\r\n\t\t\t\t<div id=\"buttons\" class=\"buttons-wrapper\"><\/div>\r\n\t\t<input type=\"hidden\" id=\"redi-restaurant-startTimeHidden\" value=\"\"\/>\r\n\t\t<input type=\"hidden\" id=\"redi-restaurant-duration\" value=\"\"\/>\r\n        <img id=\"step2load\" style=\"display: none;\" src=\"https:\/\/restaurantemixo.com\/wp-content\/plugins\/redi-restaurant-reservation\/img\/ajax-loader.gif\" alt=\"\"\/>\r\n        <div id=\"step2errors\" style=\"display: none;\" class=\"redi-reservation-alert-error redi-reservation-alert\"><\/div>\r\n\r\n\t\t\r\n\r\n\t\t\t\t<div style=\"clear:both\"><\/div>\r\n\t<\/div>\r\n\t<div id=\"step3\" style=\"display: none;\">\r\n        <h4>\r\n\t\t\tPaso 2: Proporcione detalles de la reservaci\u00f3n\t\t<\/h4>\r\n        \r\n        <div id=\"returned_user\" style=\"display:none\">\r\n            <div>\r\n                <a id=\"notyou\" href=\"\" style=\"float: right;\"> Cambiar detalles<\/a>\r\n            <\/div>\r\n            <div>\r\n                <div>Nombre:<\/div><br\/><br\/>\r\n            <\/div>\r\n            <div>\r\n                <div>Tel\u00e9fono:<\/div><br\/><br\/>\r\n            <\/div>\r\n            <div>\r\n                <div>Correo electronico:<\/div><br\/><br\/>\r\n            <\/div>\r\n        <\/div>\t\r\n        <div id=\"name_phone_email_form\" >\r\n\t\t\t<div>\r\n\t\t\t\t\t\t\t\t<label for=\"UserName\">Nombre:<span class=\"redi_required\"> *<\/span>\r\n\t\t\t\t<\/label>\r\n\t\t\t\t\t\t\t\t\r\n\t\t\t\t<input type=\"text\" value=\"\" name=\"UserName\" id=\"UserName\" autocomplete=\"name\">\r\n\t\t\t<\/div>\r\n\t\t\t\t\t\t<div>\r\n\t\t\t\t<label for=\"intlTel\">Tel\u00e9fono:<span class=\"redi_required\"> *<\/span><\/label>\r\n\t\t\t\t<input type=\"text\" value=\"\" name=\"intlTel\" id=\"intlTel\">\r\n\t\t\t<\/div>\r\n\t\t\t<div>\t\t\r\n\t\t\t\t<input type=\"hidden\" value=\"\" name=\"UserPhone\" id=\"UserPhone\">\r\n\t\t\t<\/div>\r\n\t\t\t<div>\r\n\t\t\t\t<label for=\"UserEmail\">Correo electronico:<span class=\"redi_required\"> *<\/span>\r\n\t\t\t\t<\/label>\r\n\t\t\t\t<input type=\"text\" value=\"\" name=\"UserEmail\" id=\"UserEmail\" autocomplete=\"email\">\r\n\t\t\t<\/div>\r\n\t\t<\/div>\r\n\r\n\t\t<!-- custom fields -->\r\n\t\t<img id=\"RediCustomFields\" style=\"display: none;\" src=\"https:\/\/restaurantemixo.com\/wp-content\/plugins\/redi-restaurant-reservation\/img\/ajax-loader.gif\" alt=\"\"\/>\r\n\t\t<div id=\"custom_fields_container\"><\/div>\t\t\r\n\t\t<!-- \/custom fields -->     \r\n\t\t\r\n\t\t<div>\r\n\t\t\t<label for=\"UserComments\">\r\n\t\t\t\tComentario:\r\n\t\t\t<\/label>\r\n\t\t\t<textarea maxlength=\"250\" rows=\"5\" name=\"UserComments\" id=\"UserComments\" cols=\"20\" class=\"UserComments\"><\/textarea>\r\n\t\t<\/div>\r\n\r\n\t\t\r\n\t\t<div>\r\n\t\t\t\t\t\t<input class=\"redi-restaurant-button button\" type=\"submit\" id=\"redi-restaurant-step3\" name=\"action\" value=\"Hacer una reserva\">\r\n\t\t\t<img id=\"step3load\" style=\"display: none;\" src=\"https:\/\/restaurantemixo.com\/wp-content\/plugins\/redi-restaurant-reservation\/img\/ajax-loader.gif\" alt=\"\"\/>\r\n\t\t<\/div>\r\n\t\t<div id=\"step3errors\" style=\"display: none;\" class=\"redi-reservation-alert-error redi-reservation-alert\"><\/div>\r\n\t<\/div>\r\n\t<div id=\"step4\" style=\"display: none;\" class=\"redi-reservation-alert-success redi-reservation-alert\">\r\n\t\t<h4><strong>\r\n\t\t\tGracias por su reservaci\u00f3n\t\t<\/strong>\r\n        <\/h4>\r\n        <div>\r\n\t\t\t\t\tGracias por tu reserva. Se le ha enviado un correo electr\u00f3nico de confirmaci\u00f3n, en caso de que no lo reciba, puede estar seguro de que su reserva ha sido recibida y confirmada. Si lo desea, puede contactarnos por tel\u00e9fono para confirmar.\t\t        <\/div>\r\n        <br\/><br\/>\r\n        Su n\u00famero de reserva para referencia: <span id=\"reservation-id\" style=\"font-weight: bold\"><\/span>\r\n    <\/div>\r\n\t\r\n\t\t<div id=\"step2busy\" style=\"display: none;\" class=\"not-waitlist redi-reservation-alert-error redi-reservation-alert\">\r\n\t\t\tLa reserva no est\u00e1 disponible el d\u00eda seleccionado. Por favor seleccione otro d\u00eda.\t\t<\/div>\r\n\r\n\t<\/form>\r\n\t\r\n<div class=\"waitlist-form\" style=\"display: none;\">\r\n\t<h4>Lista de espera<\/h4>\r\n\t\t<form name=\"redi-waitlist-form\" id=\"redi-waitlist-form\" action=\"POST\">\r\n\t\t\t<input type=\"hidden\" id=\"waitlist-placeID\" name=\"placeID\" value=\"33658\"\/>\r\n\t\t \t<div>\r\n\t\t \t\t<label for=\"redi-restaurant-startDate\">Fecha: <b><span id=\"waitlist-startDate-label\"><\/span><\/b><\/label>\r\n\t\t\t\t<input type=\"hidden\" value=\"2026-05-02\" name=\"waitlist-startDate\" id=\"redi-waitlist-startDate\"\/>\r\n\t\t \t<\/div>\r\n\t\t \t<div>\r\n\t\t \t\t<label for=\"waitlist-persons\">\r\n\t\t\t\tPersonas: <b><span id=\"waitlist-persons-label\"><\/span><\/b><\/label>\r\n\t\t\t\t<input type=\"hidden\" name=\"waitlist-persons\" id=\"waitlist-persons\">\r\n\t\t \t<\/div>\r\n\t\t \t<div>\r\n\t\t \t\t<label for=\"waitlist-Time\">\r\n\t\t\t\tTiempo preferido:<\/label>\r\n\t\t\t\t<input type=\"text\" value=\"\" name=\"waitlist-Time\" id=\"waitlist-Time\">\r\n\t\t \t<\/div>\r\n\t\t    <div>\r\n\t\t        <label for=\"waitlist-UserName\">Nombre:<span class=\"redi_required\"> *<\/span>\r\n\t\t        <\/label>\r\n\t\t        <input type=\"text\" value=\"\" name=\"waitlist-UserName\" id=\"waitlist-UserName\" autocomplete=\"name\">\r\n\t\t    <\/div>\r\n\t\t    <div>\r\n\t\t        <label for=\"waitlist-UserEmail\">Correo electronico:<span class=\"redi_required\"> *<\/span>\r\n\t\t        <\/label>\r\n\t\t        <input type=\"text\" value=\"\" name=\"waitlist-UserEmail\" id=\"waitlist-UserEmail\" autocomplete=\"email\">\r\n\t\t    <\/div>\r\n\t\t    <div>\r\n\t\t        <label for=\"waitlist-intlTel\">Tel\u00e9fono:<span class=\"redi_required\"> *<\/span><\/label>\r\n\t\t\t\t<input type=\"text\" value=\"\" name=\"waitlist-intlTel\" id=\"waitlist-intlTel\">\r\n\t\t\t\t<div>\r\n\t\t\t\t\t<input type=\"hidden\" value=\"\" name=\"waitlist-UserPhone\" id=\"waitlist-UserPhone\">\r\n\t\t\t\t<\/div>\r\n\t\t\t<\/div>\r\n\r\n\t\t\t<!-- custom fields -->\r\n\t\t\t\t\t\t<!-- \/custom fields -->        \r\n\r\n\r\n\t\t\t<div>\r\n\t\t    \t<input class=\"redi-restaurant-button button\" type=\"submit\" id=\"redi-waitlist-submit\" name=\"action\" value=\"Reg\u00edstrese en la lista de espera\">\r\n\t\t    <\/div>\t\t\t\r\n\t\t<\/form>\r\n\t\t<div>\r\n\t\t\t<img id=\"waitlistload\" style=\"display: none;\" src=\"https:\/\/restaurantemixo.com\/wp-content\/plugins\/redi-restaurant-reservation\/img\/ajax-loader.gif\" alt=\"\"\/>\r\n\t\t<\/div>\r\n\t\t<div id=\"wait-list-error\" style=\"display: none;\" class=\"redi-reservation-alert-error redi-reservation-alert\">\r\n\t\t<\/div>\r\n\t\t<div id=\"wait-list-success\" style=\"display: none;\" class=\"redi-reservation-alert-success redi-reservation-alert\">\r\n\t\t\tSu informaci\u00f3n se ha guardado correctamente y se le notificar\u00e1 una vez que haya asientos disponibles para la fecha solicitada.\t\t\t\r\n\t    <\/div>\r\n<\/div>\r\n\r\n\n","protected":false},"excerpt":{"rendered":"","protected":false},"author":1,"featured_media":0,"parent":0,"menu_order":0,"comment_status":"closed","ping_status":"closed","template":"","meta":{"om_disable_all_campaigns":false,"_monsterinsights_skip_tracking":false,"_monsterinsights_sitenote_active":false,"_monsterinsights_sitenote_note":"","_monsterinsights_sitenote_category":0,"site-sidebar-layout":"default","site-content-layout":"default","ast-global-header-display":"","ast-main-header-display":"","ast-hfb-above-header-display":"","ast-hfb-below-header-display":"","ast-hfb-mobile-header-display":"","site-post-title":"","ast-breadcrumbs-content":"","ast-featured-img":"","footer-sml-layout":"","theme-transparent-header-meta":"","adv-header-id-meta":"","stick-header-meta":"","header-above-stick-meta":"","header-main-stick-meta":"","header-below-stick-meta":""},"aioseo_notices":[],"_links":{"self":[{"href":"https:\/\/restaurantemixo.com\/index.php\/wp-json\/wp\/v2\/pages\/1218"}],"collection":[{"href":"https:\/\/restaurantemixo.com\/index.php\/wp-json\/wp\/v2\/pages"}],"about":[{"href":"https:\/\/restaurantemixo.com\/index.php\/wp-json\/wp\/v2\/types\/page"}],"author":[{"embeddable":true,"href":"https:\/\/restaurantemixo.com\/index.php\/wp-json\/wp\/v2\/users\/1"}],"replies":[{"embeddable":true,"href":"https:\/\/restaurantemixo.com\/index.php\/wp-json\/wp\/v2\/comments?post=1218"}],"version-history":[{"count":1,"href":"https:\/\/restaurantemixo.com\/index.php\/wp-json\/wp\/v2\/pages\/1218\/revisions"}],"predecessor-version":[{"id":1478,"href":"https:\/\/restaurantemixo.com\/index.php\/wp-json\/wp\/v2\/pages\/1218\/revisions\/1478"}],"wp:attachment":[{"href":"https:\/\/restaurantemixo.com\/index.php\/wp-json\/wp\/v2\/media?parent=1218"}],"curies":[{"name":"wp","href":"https:\/\/api.w.org\/{rel}","templated":true}]}}